{"id":3956,"date":"2018-03-07T12:57:24","date_gmt":"2018-03-07T12:57:24","guid":{"rendered":"http:\/\/iker.atomki.hu\/mediatar\/"},"modified":"2019-01-06T13:11:45","modified_gmt":"2019-01-06T13:11:45","slug":"media","status":"publish","type":"page","link":"https:\/\/iker.atomki.hu\/en\/media\/","title":{"rendered":"MEDIA"},"content":{"rendered":"<div class=\"wpb-content-wrapper\"><p>[vc_row][vc_column][vc_custom_heading source=&#8221;post_title&#8221; font_container=&#8221;tag:h3|text_align:left&#8221; use_theme_fonts=&#8221;yes&#8221;][vc_text_separator title=&#8221;ICER&#8221; title_align=&#8221;separator_align_left&#8221; color=&#8221;custom&#8221; style=&#8221;dotted&#8221; border_width=&#8221;2&#8243; css_animation=&#8221;right-to-left&#8221; accent_color=&#8221;#5eb3d2&#8243;][\/vc_column][vc_row][vc_column][vc_column_text]<\/p>\n<h3><span style=\"color: #000000\">Photo Gallery<\/span><\/h3>\n<p>[\/vc_column_text][vc_separator color=&#8221;custom&#8221; style=&#8221;dotted&#8221; border_width=&#8221;2&#8243; accent_color=&#8221;#0074d0&#8243; css=&#8221;.vc_custom_1523024545760{margin-top: -3% !important;}&#8221;][\/vc_column][\/vc_row][vc_row][vc_column width=&#8221;1\/3&#8243;][vc_column_text]<a title=\"GINOP Nyit\u00f3konferencia \u2013 Sajt\u00f3t\u00e1j\u00e9koztat\u00f3\" href=\"https:\/\/www.flickr.com\/photos\/155913794@N06\/albums\/72157664451041127\">GINOP Nyit\u00f3konferencia<br \/>\nSat\u00f3t\u00e1j\u00e9koztat\u00f3 (50 k\u00e9p)<\/a>[\/vc_column_text][vc_column_text]<a title=\"GINOP Nyit\u00f3konferencia \u2013 Sajt\u00f3t\u00e1j\u00e9koztat\u00f3\" href=\"https:\/\/www.flickr.com\/photos\/155913794@N06\/albums\/72157664451041127\"><img data-recalc-dims=\"1\" loading=\"lazy\" decoding=\"async\" src=\"https:\/\/i0.wp.com\/farm5.staticflickr.com\/4802\/38868649380_95733638f4_m.jpg?resize=240%2C160&#038;ssl=1\" alt=\"GINOP Nyit\u00f3konferencia \u2013 Sajt\u00f3t\u00e1j\u00e9koztat\u00f3\" width=\"240\" height=\"160\" \/><\/a>[\/vc_column_text][\/vc_column][vc_column width=&#8221;1\/3&#8243;][vc_column_text]<a title=\"GINOP Nyit\u00f3konferencia \u2013 El\u0151ad\u00e1sok (99 k\u00e9p)\" href=\"https:\/\/www.flickr.com\/photos\/155913794@N06\/albums\/72157692497685051\">GINOP Nyit\u00f3konferencia El\u0151ad\u00e1sok (99 k\u00e9p)<\/a>[\/vc_column_text][vc_column_text]<a title=\"GINOP Nyit\u00f3konferencia \u2013 El\u0151ad\u00e1sok\" href=\"https:\/\/www.flickr.com\/photos\/155913794@N06\/albums\/72157692497685051\"><img data-recalc-dims=\"1\" loading=\"lazy\" decoding=\"async\" src=\"https:\/\/i0.wp.com\/farm5.staticflickr.com\/4800\/40637545072_6abe5af3df_m.jpg?resize=240%2C160&#038;ssl=1\" alt=\"GINOP Nyit\u00f3konferencia \u2013 El\u0151ad\u00e1sok\" width=\"240\" height=\"160\" \/><\/a>[\/vc_column_text][\/vc_column][vc_column width=&#8221;1\/3&#8243;][vc_column_text]<a href=\"https:\/\/flic.kr\/s\/aHsm82i97W\">GINOP Nyit\u00f3konferencia \u2013 Workhsop (49 k\u00e9p)<\/a>[\/vc_column_text][vc_column_text]<a title=\"GINOP Nyit\u00f3konferencia \u2013 Workshop\" href=\"https:\/\/www.flickr.com\/photos\/155913794@N06\/albums\/72157688578608330\"><img data-recalc-dims=\"1\" loading=\"lazy\" decoding=\"async\" src=\"https:\/\/i0.wp.com\/farm5.staticflickr.com\/4778\/25816233657_88fced3ca9_m.jpg?resize=240%2C160&#038;ssl=1\" alt=\"GINOP Nyit\u00f3konferencia \u2013 Workshop\" width=\"240\" height=\"160\" \/><\/a>[\/vc_column_text][\/vc_column][\/vc_row][vc_row][vc_column][vc_column_text]<\/p>\n<h3><span style=\"color: #000000\">Videos<\/span><\/h3>\n<p>[\/vc_column_text][vc_separator color=&#8221;custom&#8221; style=&#8221;dotted&#8221; border_width=&#8221;2&#8243; accent_color=&#8221;#0074d0&#8243; css=&#8221;.vc_custom_1523024553522{margin-top: -3% !important;}&#8221;][\/vc_column][\/vc_row][vc_row][vc_column width=&#8221;1\/3&#8243;][vc_video link=&#8221;https:\/\/www.youtube.com\/embed\/PtBbFZFmSWY&#8221;][\/vc_column][vc_column width=&#8221;1\/3&#8243;][vc_video link=&#8221;https:\/\/www.youtube.com\/embed\/nQvEvB8ratI&#8221;][\/vc_column][vc_column width=&#8221;1\/3&#8243;][vc_video link=&#8221;https:\/\/www.youtube.com\/embed\/5t3Lgk4j_OA&#8221;][\/vc_column][\/vc_row][vc_row][vc_column width=&#8221;1\/3&#8243;][vc_video link=&#8221;https:\/\/www.youtube.com\/embed\/UCC1EvelcGU&#8221;][\/vc_column][vc_column width=&#8221;1\/3&#8243;][vc_video link=&#8221;https:\/\/www.youtube.com\/embed\/J-BGVATKTEw&#8221;][\/vc_column][vc_column width=&#8221;1\/3&#8243;][vc_video link=&#8221;https:\/\/www.youtube.com\/embed\/4dg9ehvMX5A&#8221;][\/vc_column][\/vc_row][vc_row][vc_column width=&#8221;1\/3&#8243;][vc_video link=&#8221;https:\/\/www.youtube.com\/embed\/kuoCYvMbJoM&#8221;][\/vc_column][vc_column width=&#8221;1\/3&#8243;][vc_video link=&#8221;https:\/\/www.youtube.com\/embed\/G5rpbLgq4L8&#8243;][\/vc_column][vc_column width=&#8221;1\/3&#8243;][\/vc_column][\/vc_row]<\/p>\n<\/div>","protected":false},"excerpt":{"rendered":"<p>[vc_row][vc_column][vc_custom_heading source=&#8221;post_title&#8221; font_container=&#8221;tag:h3|text_align:left&#8221; use_theme_fonts=&#8221;yes&#8221;][vc_text_separator title=&#8221;ICER&#8221; title_align=&#8221;separator_align_left&#8221; color=&#8221;custom&#8221; style=&#8221;dotted&#8221; border_width=&#8221;2&#8243; css_animation=&#8221;right-to-left&#8221; accent_color=&#8221;#5eb3d2&#8243;][\/vc_column][vc_row][vc_column][vc_column_text] Photo Gallery [\/vc_column_text][vc_separator color=&#8221;custom&#8221; style=&#8221;dotted&#8221; border_width=&#8221;2&#8243; accent_color=&#8221;#0074d0&#8243; css=&#8221;.vc_custom_1523024545760{margin-top: -3% !important;}&#8221;][\/vc_column][\/vc_row][vc_row][vc_column width=&#8221;1\/3&#8243;][vc_column_text]GINOP Nyit\u00f3konferencia Sat\u00f3t\u00e1j\u00e9koztat\u00f3 (50 k\u00e9p)[\/vc_column_text][vc_column_text][\/vc_column_text][\/vc_column][vc_column<span class=\"excerpt-hellip\"> [\u2026]<\/span><\/p>\n","protected":false},"author":3,"featured_media":5034,"parent":0,"menu_order":0,"comment_status":"closed","ping_status":"closed","template":"template-portfolio.php","meta":{"inline_featured_image":false,"jetpack_post_was_ever_published":false,"footnotes":""},"class_list":["post-3956","page","type-page","status-publish","has-post-thumbnail","hentry"],"jetpack_shortlink":"https:\/\/wp.me\/PaF6JY-11O","_links":{"self":[{"href":"https:\/\/iker.atomki.hu\/en\/wp-json\/wp\/v2\/pages\/3956","targetHints":{"allow":["GET"]}}],"collection":[{"href":"https:\/\/iker.atomki.hu\/en\/wp-json\/wp\/v2\/pages"}],"about":[{"href":"https:\/\/iker.atomki.hu\/en\/wp-json\/wp\/v2\/types\/page"}],"author":[{"embeddable":true,"href":"https:\/\/iker.atomki.hu\/en\/wp-json\/wp\/v2\/users\/3"}],"replies":[{"embeddable":true,"href":"https:\/\/iker.atomki.hu\/en\/wp-json\/wp\/v2\/comments?post=3956"}],"version-history":[{"count":10,"href":"https:\/\/iker.atomki.hu\/en\/wp-json\/wp\/v2\/pages\/3956\/revisions"}],"predecessor-version":[{"id":5385,"href":"https:\/\/iker.atomki.hu\/en\/wp-json\/wp\/v2\/pages\/3956\/revisions\/5385"}],"wp:featuredmedia":[{"embeddable":true,"href":"https:\/\/iker.atomki.hu\/en\/wp-json\/wp\/v2\/media\/5034"}],"wp:attachment":[{"href":"https:\/\/iker.atomki.hu\/en\/wp-json\/wp\/v2\/media?parent=3956"}],"curies":[{"name":"wp","href":"https:\/\/api.w.org\/{rel}","templated":true}]}}